{"id":24510,"date":"2025-08-05T14:57:09","date_gmt":"2025-08-05T12:57:10","guid":{"rendered":"https:\/\/ibc.ee\/?post_type=product&#038;p=24510"},"modified":"2025-08-08T10:12:51","modified_gmt":"2025-08-08T08:12:51","slug":"200-l-renoverad-emaljerad-metallfat-med-avtagbart-lock","status":"publish","type":"product","link":"https:\/\/www.ibc.ee\/sv\/produkt\/200-l-renoverad-emaljerad-metallfat-med-avtagbart-lock\/","title":{"rendered":"200\u202fL renoverad emaljerad metallfat med avtagbart lock"},"content":{"rendered":"<p>Detta 200-liters renoverade metallfat \u00e4r tillverkat av slitstarkt st\u00e5l med en inv\u00e4ndig emaljbel\u00e4ggning som skyddar mot korrosion. Fatet har ett helt avtagbart lock med l\u00e5sring samt standardg\u00e4ngade \u00f6ppningar (2\u201d och \u00be\u201d) med proppar. Trots att fatet \u00e4r begagnat \u00e4r det i gott funktionellt skick, rengjort och redo f\u00f6r teknisk och allm\u00e4n anv\u00e4ndning.  <\/p>\n<p>L\u00e4mplig f\u00f6r:<\/p>\n<ul>\n<li>Vattenf\u00f6rvaring i tr\u00e4dg\u00e5rd eller p\u00e5 g\u00e5rd<\/li>\n<li>Br\u00e4nnfat f\u00f6r tr\u00e4dg\u00e5rdsavfall<\/li>\n<li>Insamling av regnvatten<\/li>\n<li>Tillf\u00e4llig f\u00f6rvaring av icke-farliga v\u00e4tskor<\/li>\n<li>M\u00e5ngsidigt anv\u00e4ndningsomr\u00e5de p\u00e5 byggarbetsplatser<\/li>\n<\/ul>\n","protected":false},"excerpt":{"rendered":"<p>Detta 200-liters renoverade metallfat \u00e4r tillverkat av slitstarkt st\u00e5l med en inv\u00e4ndig emaljbel\u00e4ggning som skyddar mot korrosion. Fatet har ett helt avtagbart lock med l\u00e5sring samt standardg\u00e4ngade \u00f6ppningar (2\u201d och \u00be\u201d) med proppar. Trots att fatet \u00e4r begagnat \u00e4r det i gott funktionellt skick, rengjort och redo f\u00f6r teknisk och allm\u00e4n anv\u00e4ndning. L\u00e4mplig f\u00f6r: Vattenf\u00f6rvaring [&hellip;]<\/p>\n","protected":false},"featured_media":24519,"template":"","meta":[],"product_brand":[],"product_cat":[448],"product_tag":[],"class_list":{"0":"post-24510","1":"product","2":"type-product","3":"status-publish","4":"has-post-thumbnail","6":"product_cat-fat-och-burkar","7":"product_shipping_class-trummor-och-burkar","9":"first","10":"instock","11":"taxable","12":"shipping-taxable","13":"purchasable","14":"product-type-simple"},"yoast_head":"<!-- This site is optimized with the Yoast SEO plugin v26.9 - https:\/\/yoast.com\/product\/yoast-seo-wordpress\/ -->\n<title>200\u202fL renoverad emaljerad metallfat med avtagbart lock - IBC konteineri m&uuml;&uuml;k, vaadid, kraanid, mahutid<\/title>\n<meta name=\"description\" content=\"Detta 200-liters renoverade metallfat \u00e4r tillverkat av slitstarkt st\u00e5l med en inv\u00e4ndig emaljbel\u00e4ggning som skyddar mot korrosion.\" \/>\n<meta name=\"robots\" content=\"index, follow, max-snippet:-1, max-image-preview:large, max-video-preview:-1\" \/>\n<link rel=\"canonical\" href=\"https:\/\/www.ibc.ee\/sv\/produkt\/200-l-renoverad-emaljerad-metallfat-med-avtagbart-lock\/\" \/>\n<meta property=\"og:locale\" content=\"sv_SE\" \/>\n<meta property=\"og:type\" content=\"article\" \/>\n<meta property=\"og:title\" content=\"200\u202fL renoverad emaljerad metallfat med avtagbart lock - IBC konteineri m&uuml;&uuml;k, vaadid, kraanid, mahutid\" \/>\n<meta property=\"og:description\" content=\"Detta 200-liters renoverade metallfat \u00e4r tillverkat av slitstarkt st\u00e5l med en inv\u00e4ndig emaljbel\u00e4ggning som skyddar mot korrosion.\" \/>\n<meta property=\"og:url\" content=\"https:\/\/www.ibc.ee\/sv\/produkt\/200-l-renoverad-emaljerad-metallfat-med-avtagbart-lock\/\" \/>\n<meta property=\"og:site_name\" content=\"IBC konteineri m&uuml;&uuml;k, vaadid, kraanid, mahutid\" \/>\n<meta property=\"article:modified_time\" content=\"2025-08-08T08:12:51+00:00\" \/>\n<meta property=\"og:image\" content=\"https:\/\/www.ibc.ee\/wp-content\/uploads\/2025\/08\/200-L-taastatud-emailitud-metalltunn-eemaldatava-kaanega.jpg\" \/>\n\t<meta property=\"og:image:width\" content=\"1000\" \/>\n\t<meta property=\"og:image:height\" content=\"1000\" \/>\n\t<meta property=\"og:image:type\" content=\"image\/jpeg\" \/>\n<meta name=\"twitter:card\" content=\"summary_large_image\" \/>\n<meta name=\"twitter:label1\" content=\"Ber\u00e4knad l\u00e4stid\" \/>\n\t<meta name=\"twitter:data1\" content=\"1 minut\" \/>\n<script type=\"application\/ld+json\" class=\"yoast-schema-graph\">{\"@context\":\"https:\/\/schema.org\",\"@graph\":[{\"@type\":\"WebPage\",\"@id\":\"https:\/\/www.ibc.ee\/sv\/produkt\/200-l-renoverad-emaljerad-metallfat-med-avtagbart-lock\/\",\"url\":\"https:\/\/www.ibc.ee\/sv\/produkt\/200-l-renoverad-emaljerad-metallfat-med-avtagbart-lock\/\",\"name\":\"200\u202fL renoverad emaljerad metallfat med avtagbart lock - IBC konteineri m&uuml;&uuml;k, vaadid, kraanid, mahutid\",\"isPartOf\":{\"@id\":\"https:\/\/www.ibc.ee\/sv\/#website\"},\"primaryImageOfPage\":{\"@id\":\"https:\/\/www.ibc.ee\/sv\/produkt\/200-l-renoverad-emaljerad-metallfat-med-avtagbart-lock\/#primaryimage\"},\"image\":{\"@id\":\"https:\/\/www.ibc.ee\/sv\/produkt\/200-l-renoverad-emaljerad-metallfat-med-avtagbart-lock\/#primaryimage\"},\"thumbnailUrl\":\"https:\/\/www.ibc.ee\/wp-content\/uploads\/2025\/08\/200-L-taastatud-emailitud-metalltunn-eemaldatava-kaanega.jpg\",\"datePublished\":\"2025-08-05T12:57:10+00:00\",\"dateModified\":\"2025-08-08T08:12:51+00:00\",\"description\":\"Detta 200-liters renoverade metallfat \u00e4r tillverkat av slitstarkt st\u00e5l med en inv\u00e4ndig emaljbel\u00e4ggning som skyddar mot korrosion.\",\"breadcrumb\":{\"@id\":\"https:\/\/www.ibc.ee\/sv\/produkt\/200-l-renoverad-emaljerad-metallfat-med-avtagbart-lock\/#breadcrumb\"},\"inLanguage\":\"sv-SE\",\"potentialAction\":[{\"@type\":\"ReadAction\",\"target\":[\"https:\/\/www.ibc.ee\/sv\/produkt\/200-l-renoverad-emaljerad-metallfat-med-avtagbart-lock\/\"]}]},{\"@type\":\"ImageObject\",\"inLanguage\":\"sv-SE\",\"@id\":\"https:\/\/www.ibc.ee\/sv\/produkt\/200-l-renoverad-emaljerad-metallfat-med-avtagbart-lock\/#primaryimage\",\"url\":\"https:\/\/www.ibc.ee\/wp-content\/uploads\/2025\/08\/200-L-taastatud-emailitud-metalltunn-eemaldatava-kaanega.jpg\",\"contentUrl\":\"https:\/\/www.ibc.ee\/wp-content\/uploads\/2025\/08\/200-L-taastatud-emailitud-metalltunn-eemaldatava-kaanega.jpg\",\"width\":1000,\"height\":1000,\"caption\":\"200-L-taastatud-emailitud-metalltunn-eemaldatava-kaanega\"},{\"@type\":\"BreadcrumbList\",\"@id\":\"https:\/\/www.ibc.ee\/sv\/produkt\/200-l-renoverad-emaljerad-metallfat-med-avtagbart-lock\/#breadcrumb\",\"itemListElement\":[{\"@type\":\"ListItem\",\"position\":1,\"name\":\"\u0413\u043b\u0430\u0432\u043d\u0430\u044f \u0441\u0442\u0440\u0430\u043d\u0438\u0446\u0430\",\"item\":\"https:\/\/ibc.ee\/sv\/\"},{\"@type\":\"ListItem\",\"position\":2,\"name\":\"Butik\",\"item\":\"https:\/\/ibc.ee\/sv\/butik\/\"},{\"@type\":\"ListItem\",\"position\":3,\"name\":\"200\u202fL renoverad emaljerad metallfat med avtagbart lock\"}]},{\"@type\":\"WebSite\",\"@id\":\"https:\/\/www.ibc.ee\/sv\/#website\",\"url\":\"https:\/\/www.ibc.ee\/sv\/\",\"name\":\"IBC konteineri m&uuml;&uuml;k, vaadid, kraanid, mahutid\",\"description\":\"IBC - Tank container valve, Adapters\\\\fittings, Intermediate bulk, container, Drums\/cans\",\"potentialAction\":[{\"@type\":\"SearchAction\",\"target\":{\"@type\":\"EntryPoint\",\"urlTemplate\":\"https:\/\/www.ibc.ee\/sv\/?s={search_term_string}\"},\"query-input\":{\"@type\":\"PropertyValueSpecification\",\"valueRequired\":true,\"valueName\":\"search_term_string\"}}],\"inLanguage\":\"sv-SE\"}]}<\/script>\n<!-- \/ Yoast SEO plugin. -->","yoast_head_json":{"title":"200\u202fL renoverad emaljerad metallfat med avtagbart lock - IBC konteineri m&uuml;&uuml;k, vaadid, kraanid, mahutid","description":"Detta 200-liters renoverade metallfat \u00e4r tillverkat av slitstarkt st\u00e5l med en inv\u00e4ndig emaljbel\u00e4ggning som skyddar mot korrosion.","robots":{"index":"index","follow":"follow","max-snippet":"max-snippet:-1","max-image-preview":"max-image-preview:large","max-video-preview":"max-video-preview:-1"},"canonical":"https:\/\/www.ibc.ee\/sv\/produkt\/200-l-renoverad-emaljerad-metallfat-med-avtagbart-lock\/","og_locale":"sv_SE","og_type":"article","og_title":"200\u202fL renoverad emaljerad metallfat med avtagbart lock - IBC konteineri m&uuml;&uuml;k, vaadid, kraanid, mahutid","og_description":"Detta 200-liters renoverade metallfat \u00e4r tillverkat av slitstarkt st\u00e5l med en inv\u00e4ndig emaljbel\u00e4ggning som skyddar mot korrosion.","og_url":"https:\/\/www.ibc.ee\/sv\/produkt\/200-l-renoverad-emaljerad-metallfat-med-avtagbart-lock\/","og_site_name":"IBC konteineri m&uuml;&uuml;k, vaadid, kraanid, mahutid","article_modified_time":"2025-08-08T08:12:51+00:00","og_image":[{"width":1000,"height":1000,"url":"https:\/\/www.ibc.ee\/wp-content\/uploads\/2025\/08\/200-L-taastatud-emailitud-metalltunn-eemaldatava-kaanega.jpg","type":"image\/jpeg"}],"twitter_card":"summary_large_image","twitter_misc":{"Ber\u00e4knad l\u00e4stid":"1 minut"},"schema":{"@context":"https:\/\/schema.org","@graph":[{"@type":"WebPage","@id":"https:\/\/www.ibc.ee\/sv\/produkt\/200-l-renoverad-emaljerad-metallfat-med-avtagbart-lock\/","url":"https:\/\/www.ibc.ee\/sv\/produkt\/200-l-renoverad-emaljerad-metallfat-med-avtagbart-lock\/","name":"200\u202fL renoverad emaljerad metallfat med avtagbart lock - IBC konteineri m&uuml;&uuml;k, vaadid, kraanid, mahutid","isPartOf":{"@id":"https:\/\/www.ibc.ee\/sv\/#website"},"primaryImageOfPage":{"@id":"https:\/\/www.ibc.ee\/sv\/produkt\/200-l-renoverad-emaljerad-metallfat-med-avtagbart-lock\/#primaryimage"},"image":{"@id":"https:\/\/www.ibc.ee\/sv\/produkt\/200-l-renoverad-emaljerad-metallfat-med-avtagbart-lock\/#primaryimage"},"thumbnailUrl":"https:\/\/www.ibc.ee\/wp-content\/uploads\/2025\/08\/200-L-taastatud-emailitud-metalltunn-eemaldatava-kaanega.jpg","datePublished":"2025-08-05T12:57:10+00:00","dateModified":"2025-08-08T08:12:51+00:00","description":"Detta 200-liters renoverade metallfat \u00e4r tillverkat av slitstarkt st\u00e5l med en inv\u00e4ndig emaljbel\u00e4ggning som skyddar mot korrosion.","breadcrumb":{"@id":"https:\/\/www.ibc.ee\/sv\/produkt\/200-l-renoverad-emaljerad-metallfat-med-avtagbart-lock\/#breadcrumb"},"inLanguage":"sv-SE","potentialAction":[{"@type":"ReadAction","target":["https:\/\/www.ibc.ee\/sv\/produkt\/200-l-renoverad-emaljerad-metallfat-med-avtagbart-lock\/"]}]},{"@type":"ImageObject","inLanguage":"sv-SE","@id":"https:\/\/www.ibc.ee\/sv\/produkt\/200-l-renoverad-emaljerad-metallfat-med-avtagbart-lock\/#primaryimage","url":"https:\/\/www.ibc.ee\/wp-content\/uploads\/2025\/08\/200-L-taastatud-emailitud-metalltunn-eemaldatava-kaanega.jpg","contentUrl":"https:\/\/www.ibc.ee\/wp-content\/uploads\/2025\/08\/200-L-taastatud-emailitud-metalltunn-eemaldatava-kaanega.jpg","width":1000,"height":1000,"caption":"200-L-taastatud-emailitud-metalltunn-eemaldatava-kaanega"},{"@type":"BreadcrumbList","@id":"https:\/\/www.ibc.ee\/sv\/produkt\/200-l-renoverad-emaljerad-metallfat-med-avtagbart-lock\/#breadcrumb","itemListElement":[{"@type":"ListItem","position":1,"name":"\u0413\u043b\u0430\u0432\u043d\u0430\u044f \u0441\u0442\u0440\u0430\u043d\u0438\u0446\u0430","item":"https:\/\/ibc.ee\/sv\/"},{"@type":"ListItem","position":2,"name":"Butik","item":"https:\/\/ibc.ee\/sv\/butik\/"},{"@type":"ListItem","position":3,"name":"200\u202fL renoverad emaljerad metallfat med avtagbart lock"}]},{"@type":"WebSite","@id":"https:\/\/www.ibc.ee\/sv\/#website","url":"https:\/\/www.ibc.ee\/sv\/","name":"IBC konteineri m&uuml;&uuml;k, vaadid, kraanid, mahutid","description":"IBC - Tank container valve, Adapters\\fittings, Intermediate bulk, container, Drums\/cans","potentialAction":[{"@type":"SearchAction","target":{"@type":"EntryPoint","urlTemplate":"https:\/\/www.ibc.ee\/sv\/?s={search_term_string}"},"query-input":{"@type":"PropertyValueSpecification","valueRequired":true,"valueName":"search_term_string"}}],"inLanguage":"sv-SE"}]}},"_links":{"self":[{"href":"https:\/\/www.ibc.ee\/sv\/wp-json\/wp\/v2\/product\/24510","targetHints":{"allow":["GET"]}}],"collection":[{"href":"https:\/\/www.ibc.ee\/sv\/wp-json\/wp\/v2\/product"}],"about":[{"href":"https:\/\/www.ibc.ee\/sv\/wp-json\/wp\/v2\/types\/product"}],"wp:featuredmedia":[{"embeddable":true,"href":"https:\/\/www.ibc.ee\/sv\/wp-json\/wp\/v2\/media\/24519"}],"wp:attachment":[{"href":"https:\/\/www.ibc.ee\/sv\/wp-json\/wp\/v2\/media?parent=24510"}],"wp:term":[{"taxonomy":"product_brand","embeddable":true,"href":"https:\/\/www.ibc.ee\/sv\/wp-json\/wp\/v2\/product_brand?post=24510"},{"taxonomy":"product_cat","embeddable":true,"href":"https:\/\/www.ibc.ee\/sv\/wp-json\/wp\/v2\/product_cat?post=24510"},{"taxonomy":"product_tag","embeddable":true,"href":"https:\/\/www.ibc.ee\/sv\/wp-json\/wp\/v2\/product_tag?post=24510"}],"curies":[{"name":"wp","href":"https:\/\/api.w.org\/{rel}","templated":true}]}}